{"id":4012,"date":"2016-04-20T17:26:41","date_gmt":"2016-04-20T16:26:41","guid":{"rendered":"http:\/\/mk2pro.com\/es\/contact\/"},"modified":"2023-08-21T11:16:57","modified_gmt":"2023-08-21T10:16:57","slug":"contact","status":"publish","type":"page","link":"https:\/\/mk2pro.com\/es\/contact\/","title":{"rendered":"Contacto"},"content":{"rendered":"<h1 style=\"text-align: center\">\u00bfCON QUI\u00c9N TENGO QUE PONERME EN CONTACTO?<\/h1>\n<p>&nbsp;<\/p>\n<h4 style=\"text-align: center\">Quiero presentar mi candidatura para un puesto de trabajo<\/h4>\n<p style=\"text-align: center\">Vaya <a href=\"\/es\/nous-rejoindre\/\">a la p\u00e1gina \u00abTrabajar con nosotros\u00bb<\/a> del sitio mk2pro.com<\/p>\n<h4 style=\"text-align: center\">Quiero exhibir una pel\u00edcula del cat\u00e1logo de mk2<\/h4>\n<p style=\"text-align: center\">P\u00f3ngase en contacto con <a href=\"\/es\/contact\/?contact=films\">mk2 films<\/a><\/p>\n<h4 style=\"text-align: center\">Quiero exhibir un extracto de una pel\u00edcula del cat\u00e1logo de mk2<\/h4>\n<p style=\"text-align: center\">P\u00f3ngase en contacto con\u00a0<a href=\"\/es\/contact\/?contact=films\">mk2 films<\/a><\/p>\n<h4 style=\"text-align: center\">Quiero enviarles una pel\u00edcula o un gui\u00f3n porque estoy buscando a un productor\/comercializador internacional\/distribuidor<\/h4>\n<p style=\"text-align: center\">P\u00f3ngase en contacto con\u00a0<a href=\"\/es\/contact\/?contact=films\">mk2 films<\/a><\/p>\n<h4 style=\"text-align: center\">Quiero proponer una idea de evento a los programadores de las salas mk2<\/h4>\n<p style=\"text-align: center\">P\u00f3ngase en contacto con <a href=\"\/es\/contact\/?contact=salles-store\">mk2 cin\u00e9mas<\/a><\/p>\n<h4 style=\"text-align: center\">Quiero hacer una reclamaci\u00f3n por una experiencia negativa que he sufrido en un cine mk2<\/h4>\n<p style=\"text-align: center\">P\u00f3ngase en contacto con\u00a0<a href=\"\/es\/contact\/?contact=salles-store\">mk2 cin\u00e9mas<\/a><\/p>\n<h4 style=\"text-align: center\">Quiero encargar unos cine-cheques para mi comit\u00e9 de empresa<\/h4>\n<p style=\"text-align: center\">Vaya\u00a0<a href=\"http:\/\/www.mk2.com\/comite-dentreprises\">aqui<\/a><\/p>\n<h4 style=\"text-align: center\">Quiero tener una referencia en las tiendas mk2<\/h4>\n<p style=\"text-align: center\">P\u00f3ngase en contacto con\u00a0<a href=\"\/es\/contact\/?contact=salles-store\">mk2 cin\u00e9mas<\/a><\/p>\n<h4 style=\"text-align: center\">Quiero presentar mi candidatura para un foodtruck<\/h4>\n<p style=\"text-align: center\">P\u00f3ngase en contacto con\u00a0<a href=\"\/es\/contact\/?contact=salles-store\">mk2 cin\u00e9mas<\/a><\/p>\n<h4 style=\"text-align: center\">Quiero ponerme en contacto con la Direcci\u00f3n de exhibici\u00f3n<\/h4>\n<p style=\"text-align: center\">P\u00f3ngase en contacto con\u00a0<a href=\"\/es\/contact\/?contact=salles-store\">mk2 cin\u00e9mas<\/a><\/p>\n<h4 style=\"text-align: center\">Soy una marca, una instituci\u00f3n cultural o una agencia y quiero asociarme u organizar un proyecto con mk2<\/h4>\n<p style=\"text-align: center\">P\u00f3ngase en contacto con\u00a0<a href=\"\/es\/contact\/?contact=agency-media\">mk2+<\/a><\/p>\n<h4 style=\"text-align: center\">Quiero cerrar una sala para un evento<\/h4>\n<p style=\"text-align: center\">P\u00f3ngase en contacto con\u00a0<a href=\"\/es\/contact\/?contact=agency-event\">mk2+<\/a><\/p>\n<h4 style=\"text-align: center\">Quiero comprar espacios publicitarios en la red mk2<\/h4>\n<p style=\"text-align: center\">P\u00f3ngase en contacto con\u00a0<a href=\"\/es\/contact\/?contact=agency-media\">mk2+<\/a><\/p>\n<h4 style=\"text-align: center\">Quiero llevar a cabo una operaci\u00f3n especial en las salas y espacios de la red de mk2<\/h4>\n<p style=\"text-align: center\">P\u00f3ngase en contacto con\u00a0<a href=\"\/es\/contact\/?contact=agency-event\">mk2+<\/a><\/p>\n<h4 style=\"text-align: center\">Soy periodista y quiero colaborar con TROISCOULEURS<\/h4>\n<p style=\"text-align: center\">P\u00f3ngase en contacto con\u00a0<a href=\"\/es\/contact\/?contact=editions\">TROISCOULEURS<\/a><\/p>\n<p style=\"text-align: center\"><span style=\"color: #999999\">Cr\u00e9dits photos header :\u00a0Isabelle Huppert dans <em>La C\u00e9r\u00e9monie<\/em> de Claude Chabrol (1995), copyright J\u00e9r\u00e9mie Nassif-mk2<\/span><\/p>\n","protected":false},"excerpt":{"rendered":"<p>\u00bfCON QUI\u00c9N TENGO QUE PONERME EN CONTACTO? &nbsp; Quiero presentar mi candidatura para un puesto de trabajo Vaya a la p\u00e1gina \u00abTrabajar con nosotros\u00bb del sitio mk2pro.com Quiero exhibir una pel\u00edcula del cat\u00e1logo de mk2 P\u00f3ngase en contacto con mk2 films Quiero exhibir un extracto de una pel\u00edcula del cat\u00e1logo de mk2 P\u00f3ngase en contacto [&hellip;]<\/p>\n","protected":false},"author":15,"featured_media":2561,"parent":0,"menu_order":0,"comment_status":"closed","ping_status":"closed","template":"page-contact.php","meta":{"_acf_changed":false,"footnotes":""},"class_list":["post-4012","page","type-page","status-publish","has-post-thumbnail","hentry"],"acf":[],"yoast_head":"<!-- This site is optimized with the Yoast SEO plugin v26.9 - https:\/\/yoast.com\/product\/yoast-seo-wordpress\/ -->\n<title>Contacto - mk2 Pro<\/title>\n<meta name=\"robots\" content=\"index, follow, max-snippet:-1, max-image-preview:large, max-video-preview:-1\" \/>\n<link rel=\"canonical\" href=\"https:\/\/mk2pro.com\/es\/contact\/\" \/>\n<meta property=\"og:locale\" content=\"es_ES\" \/>\n<meta property=\"og:type\" content=\"article\" \/>\n<meta property=\"og:title\" content=\"Contacto - mk2 Pro\" \/>\n<meta property=\"og:description\" content=\"\u00bfCON QUI\u00c9N TENGO QUE PONERME EN CONTACTO? &nbsp; Quiero presentar mi candidatura para un puesto de trabajo Vaya a la p\u00e1gina \u00abTrabajar con nosotros\u00bb del sitio mk2pro.com Quiero exhibir una pel\u00edcula del cat\u00e1logo de mk2 P\u00f3ngase en contacto con mk2 films Quiero exhibir un extracto de una pel\u00edcula del cat\u00e1logo de mk2 P\u00f3ngase en contacto [&hellip;]\" \/>\n<meta property=\"og:url\" content=\"https:\/\/mk2pro.com\/es\/contact\/\" \/>\n<meta property=\"og:site_name\" content=\"mk2 Pro\" \/>\n<meta property=\"article:modified_time\" content=\"2023-08-21T10:16:57+00:00\" \/>\n<meta property=\"og:image\" content=\"https:\/\/mk2pro.com\/wp-content\/uploads\/2016\/04\/la-ceremonie-4-copyright-jeremie-nassif-1-1024x669.jpg\" \/>\n\t<meta property=\"og:image:width\" content=\"1024\" \/>\n\t<meta property=\"og:image:height\" content=\"669\" \/>\n\t<meta property=\"og:image:type\" content=\"image\/jpeg\" \/>\n<meta name=\"twitter:card\" content=\"summary_large_image\" \/>\n<meta name=\"twitter:label1\" content=\"Tiempo de lectura\" \/>\n\t<meta name=\"twitter:data1\" content=\"2 minutos\" \/>\n<script type=\"application\/ld+json\" class=\"yoast-schema-graph\">{\"@context\":\"https:\/\/schema.org\",\"@graph\":[{\"@type\":\"WebPage\",\"@id\":\"https:\/\/mk2pro.com\/es\/contact\/\",\"url\":\"https:\/\/mk2pro.com\/es\/contact\/\",\"name\":\"Contacto - mk2 Pro\",\"isPartOf\":{\"@id\":\"https:\/\/mk2pro.com\/#website\"},\"primaryImageOfPage\":{\"@id\":\"https:\/\/mk2pro.com\/es\/contact\/#primaryimage\"},\"image\":{\"@id\":\"https:\/\/mk2pro.com\/es\/contact\/#primaryimage\"},\"thumbnailUrl\":\"https:\/\/mk2pro.com\/wp-content\/uploads\/2016\/04\/la-ceremonie-4-copyright-jeremie-nassif-1.jpg\",\"datePublished\":\"2016-04-20T16:26:41+00:00\",\"dateModified\":\"2023-08-21T10:16:57+00:00\",\"breadcrumb\":{\"@id\":\"https:\/\/mk2pro.com\/es\/contact\/#breadcrumb\"},\"inLanguage\":\"es\",\"potentialAction\":[{\"@type\":\"ReadAction\",\"target\":[\"https:\/\/mk2pro.com\/es\/contact\/\"]}]},{\"@type\":\"ImageObject\",\"inLanguage\":\"es\",\"@id\":\"https:\/\/mk2pro.com\/es\/contact\/#primaryimage\",\"url\":\"https:\/\/mk2pro.com\/wp-content\/uploads\/2016\/04\/la-ceremonie-4-copyright-jeremie-nassif-1.jpg\",\"contentUrl\":\"https:\/\/mk2pro.com\/wp-content\/uploads\/2016\/04\/la-ceremonie-4-copyright-jeremie-nassif-1.jpg\",\"width\":2812,\"height\":1837},{\"@type\":\"BreadcrumbList\",\"@id\":\"https:\/\/mk2pro.com\/es\/contact\/#breadcrumb\",\"itemListElement\":[{\"@type\":\"ListItem\",\"position\":1,\"name\":\"Accueil\",\"item\":\"https:\/\/mk2pro.com\/es\/\"},{\"@type\":\"ListItem\",\"position\":2,\"name\":\"Contacto\"}]},{\"@type\":\"WebSite\",\"@id\":\"https:\/\/mk2pro.com\/#website\",\"url\":\"https:\/\/mk2pro.com\/\",\"name\":\"mk2 Pro\",\"description\":\"Une autre id\u00e9e du cin\u00e9ma\",\"publisher\":{\"@id\":\"https:\/\/mk2pro.com\/#organization\"},\"potentialAction\":[{\"@type\":\"SearchAction\",\"target\":{\"@type\":\"EntryPoint\",\"urlTemplate\":\"https:\/\/mk2pro.com\/?s={search_term_string}\"},\"query-input\":{\"@type\":\"PropertyValueSpecification\",\"valueRequired\":true,\"valueName\":\"search_term_string\"}}],\"inLanguage\":\"es\"},{\"@type\":\"Organization\",\"@id\":\"https:\/\/mk2pro.com\/#organization\",\"name\":\"mk2\",\"url\":\"https:\/\/mk2pro.com\/\",\"logo\":{\"@type\":\"ImageObject\",\"inLanguage\":\"es\",\"@id\":\"https:\/\/mk2pro.com\/#\/schema\/logo\/image\/\",\"url\":\"https:\/\/mk2pro.com\/wp-content\/uploads\/2019\/12\/mk2-logo-large.jpg\",\"contentUrl\":\"https:\/\/mk2pro.com\/wp-content\/uploads\/2019\/12\/mk2-logo-large.jpg\",\"width\":716,\"height\":380,\"caption\":\"mk2\"},\"image\":{\"@id\":\"https:\/\/mk2pro.com\/#\/schema\/logo\/image\/\"}}]}<\/script>\n<!-- \/ Yoast SEO plugin. -->","yoast_head_json":{"title":"Contacto - mk2 Pro","robots":{"index":"index","follow":"follow","max-snippet":"max-snippet:-1","max-image-preview":"max-image-preview:large","max-video-preview":"max-video-preview:-1"},"canonical":"https:\/\/mk2pro.com\/es\/contact\/","og_locale":"es_ES","og_type":"article","og_title":"Contacto - mk2 Pro","og_description":"\u00bfCON QUI\u00c9N TENGO QUE PONERME EN CONTACTO? &nbsp; Quiero presentar mi candidatura para un puesto de trabajo Vaya a la p\u00e1gina \u00abTrabajar con nosotros\u00bb del sitio mk2pro.com Quiero exhibir una pel\u00edcula del cat\u00e1logo de mk2 P\u00f3ngase en contacto con mk2 films Quiero exhibir un extracto de una pel\u00edcula del cat\u00e1logo de mk2 P\u00f3ngase en contacto [&hellip;]","og_url":"https:\/\/mk2pro.com\/es\/contact\/","og_site_name":"mk2 Pro","article_modified_time":"2023-08-21T10:16:57+00:00","og_image":[{"width":1024,"height":669,"url":"https:\/\/mk2pro.com\/wp-content\/uploads\/2016\/04\/la-ceremonie-4-copyright-jeremie-nassif-1-1024x669.jpg","type":"image\/jpeg"}],"twitter_card":"summary_large_image","twitter_misc":{"Tiempo de lectura":"2 minutos"},"schema":{"@context":"https:\/\/schema.org","@graph":[{"@type":"WebPage","@id":"https:\/\/mk2pro.com\/es\/contact\/","url":"https:\/\/mk2pro.com\/es\/contact\/","name":"Contacto - mk2 Pro","isPartOf":{"@id":"https:\/\/mk2pro.com\/#website"},"primaryImageOfPage":{"@id":"https:\/\/mk2pro.com\/es\/contact\/#primaryimage"},"image":{"@id":"https:\/\/mk2pro.com\/es\/contact\/#primaryimage"},"thumbnailUrl":"https:\/\/mk2pro.com\/wp-content\/uploads\/2016\/04\/la-ceremonie-4-copyright-jeremie-nassif-1.jpg","datePublished":"2016-04-20T16:26:41+00:00","dateModified":"2023-08-21T10:16:57+00:00","breadcrumb":{"@id":"https:\/\/mk2pro.com\/es\/contact\/#breadcrumb"},"inLanguage":"es","potentialAction":[{"@type":"ReadAction","target":["https:\/\/mk2pro.com\/es\/contact\/"]}]},{"@type":"ImageObject","inLanguage":"es","@id":"https:\/\/mk2pro.com\/es\/contact\/#primaryimage","url":"https:\/\/mk2pro.com\/wp-content\/uploads\/2016\/04\/la-ceremonie-4-copyright-jeremie-nassif-1.jpg","contentUrl":"https:\/\/mk2pro.com\/wp-content\/uploads\/2016\/04\/la-ceremonie-4-copyright-jeremie-nassif-1.jpg","width":2812,"height":1837},{"@type":"BreadcrumbList","@id":"https:\/\/mk2pro.com\/es\/contact\/#breadcrumb","itemListElement":[{"@type":"ListItem","position":1,"name":"Accueil","item":"https:\/\/mk2pro.com\/es\/"},{"@type":"ListItem","position":2,"name":"Contacto"}]},{"@type":"WebSite","@id":"https:\/\/mk2pro.com\/#website","url":"https:\/\/mk2pro.com\/","name":"mk2 Pro","description":"Une autre id\u00e9e du cin\u00e9ma","publisher":{"@id":"https:\/\/mk2pro.com\/#organization"},"potentialAction":[{"@type":"SearchAction","target":{"@type":"EntryPoint","urlTemplate":"https:\/\/mk2pro.com\/?s={search_term_string}"},"query-input":{"@type":"PropertyValueSpecification","valueRequired":true,"valueName":"search_term_string"}}],"inLanguage":"es"},{"@type":"Organization","@id":"https:\/\/mk2pro.com\/#organization","name":"mk2","url":"https:\/\/mk2pro.com\/","logo":{"@type":"ImageObject","inLanguage":"es","@id":"https:\/\/mk2pro.com\/#\/schema\/logo\/image\/","url":"https:\/\/mk2pro.com\/wp-content\/uploads\/2019\/12\/mk2-logo-large.jpg","contentUrl":"https:\/\/mk2pro.com\/wp-content\/uploads\/2019\/12\/mk2-logo-large.jpg","width":716,"height":380,"caption":"mk2"},"image":{"@id":"https:\/\/mk2pro.com\/#\/schema\/logo\/image\/"}}]}},"_links":{"self":[{"href":"https:\/\/mk2pro.com\/es\/wp-json\/wp\/v2\/pages\/4012","targetHints":{"allow":["GET"]}}],"collection":[{"href":"https:\/\/mk2pro.com\/es\/wp-json\/wp\/v2\/pages"}],"about":[{"href":"https:\/\/mk2pro.com\/es\/wp-json\/wp\/v2\/types\/page"}],"author":[{"embeddable":true,"href":"https:\/\/mk2pro.com\/es\/wp-json\/wp\/v2\/users\/15"}],"replies":[{"embeddable":true,"href":"https:\/\/mk2pro.com\/es\/wp-json\/wp\/v2\/comments?post=4012"}],"version-history":[{"count":16,"href":"https:\/\/mk2pro.com\/es\/wp-json\/wp\/v2\/pages\/4012\/revisions"}],"predecessor-version":[{"id":14560,"href":"https:\/\/mk2pro.com\/es\/wp-json\/wp\/v2\/pages\/4012\/revisions\/14560"}],"wp:featuredmedia":[{"embeddable":true,"href":"https:\/\/mk2pro.com\/es\/wp-json\/wp\/v2\/media\/2561"}],"wp:attachment":[{"href":"https:\/\/mk2pro.com\/es\/wp-json\/wp\/v2\/media?parent=4012"}],"curies":[{"name":"wp","href":"https:\/\/api.w.org\/{rel}","templated":true}]}}